{"id":23,"date":"2026-03-13T11:36:12","date_gmt":"2026-03-13T11:36:12","guid":{"rendered":"https:\/\/lab.embracom.com.br\/gmar\/?page_id=23"},"modified":"2026-03-21T14:22:58","modified_gmt":"2026-03-21T17:22:58","slug":"contato","status":"publish","type":"page","link":"https:\/\/lab.embracom.com.br\/gmar\/contato\/","title":{"rendered":"Contato"},"content":{"rendered":"\t\t<div data-elementor-type=\"wp-page\" data-elementor-id=\"23\" class=\"elementor elementor-23\" data-elementor-post-type=\"page\">\n\t\t\t\t<div class=\"elementor-element elementor-element-334bbd7 e-con-full e-flex e-con e-parent\" data-id=\"334bbd7\" data-element_type=\"container\" data-e-type=\"container\">\n\t\t<div class=\"elementor-element elementor-element-e04c504 e-flex e-con-boxed e-con e-child\" data-id=\"e04c504\" data-element_type=\"container\" data-e-type=\"container\" data-settings=\"{&quot;background_background&quot;:&quot;classic&quot;}\">\n\t\t\t\t\t<div class=\"e-con-inner\">\n\t\t\t\t<div class=\"elementor-element elementor-element-78eb656 elementor-widget__width-initial elementor-widget elementor-widget-text-editor\" data-id=\"78eb656\" data-element_type=\"widget\" data-e-type=\"widget\" data-widget_type=\"text-editor.default\">\n\t\t\t\t\t\t\t\t\tContato\t\t\t\t\t\t\t\t<\/div>\n\t\t\t\t<div class=\"elementor-element elementor-element-6af41a8 elementor-widget elementor-widget-heading\" data-id=\"6af41a8\" data-element_type=\"widget\" data-e-type=\"widget\" data-widget_type=\"heading.default\">\n\t\t\t\t\t<h1 class=\"elementor-heading-title elementor-size-default\">Fale com nossa equipe especializada<\/h1>\t\t\t\t<\/div>\n\t\t\t\t<div class=\"elementor-element elementor-element-fd0c533 elementor-widget__width-initial elementor-widget elementor-widget-text-editor\" data-id=\"fd0c533\" data-element_type=\"widget\" data-e-type=\"widget\" data-widget_type=\"text-editor.default\">\n\t\t\t\t\t\t\t\t\t<p>Estamos prontos para ajudar voc\u00ea a encontrar a solu\u00e7\u00e3o ideal para o tratamento de \u00e1gua, efluentes ou reuso no seu empreendimento.<\/p>\t\t\t\t\t\t\t\t<\/div>\n\t\t\t\t\t<\/div>\n\t\t\t\t<\/div>\n\t\t\t\t<\/div>\n\t\t<div class=\"elementor-element elementor-element-30d9a4c e-flex e-con-boxed e-con e-child\" data-id=\"30d9a4c\" data-element_type=\"container\" data-e-type=\"container\">\n\t\t\t\t\t<div class=\"e-con-inner\">\n\t\t<div class=\"elementor-element elementor-element-d454eec e-con-full e-flex e-con e-child\" data-id=\"d454eec\" data-element_type=\"container\" data-e-type=\"container\">\n\t\t\t\t<div class=\"elementor-element elementor-element-1698e76 elementor-widget elementor-widget-image\" data-id=\"1698e76\" data-element_type=\"widget\" data-e-type=\"widget\" data-widget_type=\"image.default\">\n\t\t\t\t\t\t\t\t\t\t\t\t\t\t\t<img fetchpriority=\"high\" decoding=\"async\" width=\"416\" height=\"497\" src=\"https:\/\/lab.embracom.com.br\/gmar\/wp-content\/uploads\/2026\/03\/atendente.png\" class=\"attachment-full size-full wp-image-309\" alt=\"\" srcset=\"https:\/\/lab.embracom.com.br\/gmar\/wp-content\/uploads\/2026\/03\/atendente.png 416w, https:\/\/lab.embracom.com.br\/gmar\/wp-content\/uploads\/2026\/03\/atendente-251x300.png 251w\" sizes=\"(max-width: 416px) 100vw, 416px\" \/>\t\t\t\t\t\t\t\t\t\t\t\t\t\t\t<\/div>\n\t\t\t\t<\/div>\n\t\t<div class=\"elementor-element elementor-element-a665815 e-con-full e-flex e-con e-child\" data-id=\"a665815\" data-element_type=\"container\" data-e-type=\"container\">\n\t\t\t\t<div class=\"elementor-element elementor-element-5beb5b6 elementor-widget elementor-widget-heading\" data-id=\"5beb5b6\" data-element_type=\"widget\" data-e-type=\"widget\" data-widget_type=\"heading.default\">\n\t\t\t\t\t<h2 class=\"elementor-heading-title elementor-size-default\">Atendimento em todo o Brasil<\/h2>\t\t\t\t<\/div>\n\t\t\t\t<div class=\"elementor-element elementor-element-da31853 elementor-widget elementor-widget-text-editor\" data-id=\"da31853\" data-element_type=\"widget\" data-e-type=\"widget\" data-widget_type=\"text-editor.default\">\n\t\t\t\t\t\t\t\t\tA Gmar Ambiental atende condom\u00ednios, empresas, ind\u00fastrias e opera\u00e7\u00f5es de todos os portes. Nossa equipe t\u00e9cnica fornece orienta\u00e7\u00e3o especializada, an\u00e1lise de necessidades, or\u00e7amento e suporte completo para implanta\u00e7\u00e3o de sistemas de tratamento e reuso de \u00e1gua.\t\t\t\t\t\t\t\t<\/div>\n\t\t<div class=\"elementor-element elementor-element-a473ed2 e-con-full e-flex e-con e-child\" data-id=\"a473ed2\" data-element_type=\"container\" data-e-type=\"container\">\n\t\t\t\t<div class=\"elementor-element elementor-element-06e7720 elementor-widget elementor-widget-heading\" data-id=\"06e7720\" data-element_type=\"widget\" data-e-type=\"widget\" data-widget_type=\"heading.default\">\n\t\t\t\t\t<h2 class=\"elementor-heading-title elementor-size-default\">Telefones<\/h2>\t\t\t\t<\/div>\n\t\t\t\t<div class=\"elementor-element elementor-element-fd17c2a elementor-icon-list--layout-inline elementor-align-center elementor-list-item-link-full_width elementor-widget elementor-widget-icon-list\" data-id=\"fd17c2a\" data-element_type=\"widget\" data-e-type=\"widget\" data-widget_type=\"icon-list.default\">\n\t\t\t\t\t\t\t<ul class=\"elementor-icon-list-items elementor-inline-items\">\n\t\t\t\t\t\t\t<li class=\"elementor-icon-list-item elementor-inline-item\">\n\t\t\t\t\t\t\t\t\t\t\t<span class=\"elementor-icon-list-icon\">\n\t\t\t\t\t\t\t<svg aria-hidden=\"true\" class=\"e-font-icon-svg e-fas-phone-alt\" viewBox=\"0 0 512 512\" xmlns=\"http:\/\/www.w3.org\/2000\/svg\"><path d=\"M497.39 361.8l-112-48a24 24 0 0 0-28 6.9l-49.6 60.6A370.66 370.66 0 0 1 130.6 204.11l60.6-49.6a23.94 23.94 0 0 0 6.9-28l-48-112A24.16 24.16 0 0 0 122.6.61l-104 24A24 24 0 0 0 0 48c0 256.5 207.9 464 464 464a24 24 0 0 0 23.4-18.6l24-104a24.29 24.29 0 0 0-14.01-27.6z\"><\/path><\/svg>\t\t\t\t\t\t<\/span>\n\t\t\t\t\t\t\t\t\t\t<span class=\"elementor-icon-list-text\">11 94711-0920<\/span>\n\t\t\t\t\t\t\t\t\t<\/li>\n\t\t\t\t\t\t\t\t<li class=\"elementor-icon-list-item elementor-inline-item\">\n\t\t\t\t\t\t\t\t\t\t\t<span class=\"elementor-icon-list-icon\">\n\t\t\t\t\t\t\t<svg aria-hidden=\"true\" class=\"e-font-icon-svg e-fas-phone-alt\" viewBox=\"0 0 512 512\" xmlns=\"http:\/\/www.w3.org\/2000\/svg\"><path d=\"M497.39 361.8l-112-48a24 24 0 0 0-28 6.9l-49.6 60.6A370.66 370.66 0 0 1 130.6 204.11l60.6-49.6a23.94 23.94 0 0 0 6.9-28l-48-112A24.16 24.16 0 0 0 122.6.61l-104 24A24 24 0 0 0 0 48c0 256.5 207.9 464 464 464a24 24 0 0 0 23.4-18.6l24-104a24.29 24.29 0 0 0-14.01-27.6z\"><\/path><\/svg>\t\t\t\t\t\t<\/span>\n\t\t\t\t\t\t\t\t\t\t<span class=\"elementor-icon-list-text\">11 3458-3432<\/span>\n\t\t\t\t\t\t\t\t\t<\/li>\n\t\t\t\t\t\t\t\t<li class=\"elementor-icon-list-item elementor-inline-item\">\n\t\t\t\t\t\t\t\t\t\t\t<span class=\"elementor-icon-list-icon\">\n\t\t\t\t\t\t\t<svg aria-hidden=\"true\" class=\"e-font-icon-svg e-fab-whatsapp\" viewBox=\"0 0 448 512\" xmlns=\"http:\/\/www.w3.org\/2000\/svg\"><path d=\"M380.9 97.1C339 55.1 283.2 32 223.9 32c-122.4 0-222 99.6-222 222 0 39.1 10.2 77.3 29.6 111L0 480l117.7-30.9c32.4 17.7 68.9 27 106.1 27h.1c122.3 0 224.1-99.6 224.1-222 0-59.3-25.2-115-67.1-157zm-157 341.6c-33.2 0-65.7-8.9-94-25.7l-6.7-4-69.8 18.3L72 359.2l-4.4-7c-18.5-29.4-28.2-63.3-28.2-98.2 0-101.7 82.8-184.5 184.6-184.5 49.3 0 95.6 19.2 130.4 54.1 34.8 34.9 56.2 81.2 56.1 130.5 0 101.8-84.9 184.6-186.6 184.6zm101.2-138.2c-5.5-2.8-32.8-16.2-37.9-18-5.1-1.9-8.8-2.8-12.5 2.8-3.7 5.6-14.3 18-17.6 21.8-3.2 3.7-6.5 4.2-12 1.4-32.6-16.3-54-29.1-75.5-66-5.7-9.8 5.7-9.1 16.3-30.3 1.8-3.7.9-6.9-.5-9.7-1.4-2.8-12.5-30.1-17.1-41.2-4.5-10.8-9.1-9.3-12.5-9.5-3.2-.2-6.9-.2-10.6-.2-3.7 0-9.7 1.4-14.8 6.9-5.1 5.6-19.4 19-19.4 46.3 0 27.3 19.9 53.7 22.6 57.4 2.8 3.7 39.1 59.7 94.8 83.8 35.2 15.2 49 16.5 66.6 13.9 10.7-1.6 32.8-13.4 37.4-26.4 4.6-13 4.6-24.1 3.2-26.4-1.3-2.5-5-3.9-10.5-6.6z\"><\/path><\/svg>\t\t\t\t\t\t<\/span>\n\t\t\t\t\t\t\t\t\t\t<span class=\"elementor-icon-list-text\">11 97454-4475<\/span>\n\t\t\t\t\t\t\t\t\t<\/li>\n\t\t\t\t\t\t<\/ul>\n\t\t\t\t\t\t<\/div>\n\t\t\t\t<div class=\"elementor-element elementor-element-38548a1 elementor-widget elementor-widget-heading\" data-id=\"38548a1\" data-element_type=\"widget\" data-e-type=\"widget\" data-widget_type=\"heading.default\">\n\t\t\t\t\t<h2 class=\"elementor-heading-title elementor-size-default\">E-mail<\/h2>\t\t\t\t<\/div>\n\t\t\t\t<div class=\"elementor-element elementor-element-55eee5f elementor-icon-list--layout-inline elementor-align-center elementor-list-item-link-full_width elementor-widget elementor-widget-icon-list\" data-id=\"55eee5f\" data-element_type=\"widget\" data-e-type=\"widget\" data-widget_type=\"icon-list.default\">\n\t\t\t\t\t\t\t<ul class=\"elementor-icon-list-items elementor-inline-items\">\n\t\t\t\t\t\t\t<li class=\"elementor-icon-list-item elementor-inline-item\">\n\t\t\t\t\t\t\t\t\t\t\t<span class=\"elementor-icon-list-icon\">\n\t\t\t\t\t\t\t<svg aria-hidden=\"true\" class=\"e-font-icon-svg e-fas-envelope\" viewBox=\"0 0 512 512\" xmlns=\"http:\/\/www.w3.org\/2000\/svg\"><path d=\"M502.3 190.8c3.9-3.1 9.7-.2 9.7 4.7V400c0 26.5-21.5 48-48 48H48c-26.5 0-48-21.5-48-48V195.6c0-5 5.7-7.8 9.7-4.7 22.4 17.4 52.1 39.5 154.1 113.6 21.1 15.4 56.7 47.8 92.2 47.6 35.7.3 72-32.8 92.3-47.6 102-74.1 131.6-96.3 154-113.7zM256 320c23.2.4 56.6-29.2 73.4-41.4 132.7-96.3 142.8-104.7 173.4-128.7 5.8-4.5 9.2-11.5 9.2-18.9v-19c0-26.5-21.5-48-48-48H48C21.5 64 0 85.5 0 112v19c0 7.4 3.4 14.3 9.2 18.9 30.6 23.9 40.7 32.4 173.4 128.7 16.8 12.2 50.2 41.8 73.4 41.4z\"><\/path><\/svg>\t\t\t\t\t\t<\/span>\n\t\t\t\t\t\t\t\t\t\t<span class=\"elementor-icon-list-text\">contato@gestaodeefluentes.com.br<\/span>\n\t\t\t\t\t\t\t\t\t<\/li>\n\t\t\t\t\t\t<\/ul>\n\t\t\t\t\t\t<\/div>\n\t\t\t\t<div class=\"elementor-element elementor-element-bfbc2ff elementor-widget elementor-widget-heading\" data-id=\"bfbc2ff\" data-element_type=\"widget\" data-e-type=\"widget\" data-widget_type=\"heading.default\">\n\t\t\t\t\t<h2 class=\"elementor-heading-title elementor-size-default\">Endere\u00e7o<\/h2>\t\t\t\t<\/div>\n\t\t\t\t<div class=\"elementor-element elementor-element-bab3dcf elementor-icon-list--layout-inline elementor-align-center elementor-list-item-link-full_width elementor-widget elementor-widget-icon-list\" data-id=\"bab3dcf\" data-element_type=\"widget\" data-e-type=\"widget\" data-widget_type=\"icon-list.default\">\n\t\t\t\t\t\t\t<ul class=\"elementor-icon-list-items elementor-inline-items\">\n\t\t\t\t\t\t\t<li class=\"elementor-icon-list-item elementor-inline-item\">\n\t\t\t\t\t\t\t\t\t\t\t<span class=\"elementor-icon-list-icon\">\n\t\t\t\t\t\t\t<svg aria-hidden=\"true\" class=\"e-font-icon-svg e-fas-map-marker-alt\" viewBox=\"0 0 384 512\" xmlns=\"http:\/\/www.w3.org\/2000\/svg\"><path d=\"M172.268 501.67C26.97 291.031 0 269.413 0 192 0 85.961 85.961 0 192 0s192 85.961 192 192c0 77.413-26.97 99.031-172.268 309.67-9.535 13.774-29.93 13.773-39.464 0zM192 272c44.183 0 80-35.817 80-80s-35.817-80-80-80-80 35.817-80 80 35.817 80 80 80z\"><\/path><\/svg>\t\t\t\t\t\t<\/span>\n\t\t\t\t\t\t\t\t\t\t<span class=\"elementor-icon-list-text\">Rua Capit\u00e3o Jos\u00e9 Ant\u00f4nio Lagareiro n\u00ba 520 | Parque S\u00e3o Vicente | Mau\u00e1-SP | CEP 09371-450<\/span>\n\t\t\t\t\t\t\t\t\t<\/li>\n\t\t\t\t\t\t<\/ul>\n\t\t\t\t\t\t<\/div>\n\t\t\t\t<\/div>\n\t\t\t\t<\/div>\n\t\t\t\t\t<\/div>\n\t\t\t\t<\/div>\n\t\t<div class=\"elementor-element elementor-element-2049d1b e-con-full e-flex e-con e-parent\" data-id=\"2049d1b\" data-element_type=\"container\" data-e-type=\"container\" data-settings=\"{&quot;background_background&quot;:&quot;classic&quot;}\">\n\t\t<div class=\"elementor-element elementor-element-3f35277 e-flex e-con-boxed e-con e-child\" data-id=\"3f35277\" data-element_type=\"container\" data-e-type=\"container\" data-settings=\"{&quot;background_background&quot;:&quot;classic&quot;}\">\n\t\t\t\t\t<div class=\"e-con-inner\">\n\t\t\t\t<div class=\"elementor-element elementor-element-592ec88 elementor-widget elementor-widget-heading\" data-id=\"592ec88\" data-element_type=\"widget\" data-e-type=\"widget\" data-widget_type=\"heading.default\">\n\t\t\t\t\t<h2 class=\"elementor-heading-title elementor-size-default\">Entre em contato conosco<\/h2>\t\t\t\t<\/div>\n\t\t\t\t<div class=\"elementor-element elementor-element-aed6cd2 elementor-widget elementor-widget-text-editor\" data-id=\"aed6cd2\" data-element_type=\"widget\" data-e-type=\"widget\" data-widget_type=\"text-editor.default\">\n\t\t\t\t\t\t\t\t\t<p>Preencha o formul\u00e1rio e um consultor t\u00e9cnico retornar\u00e1 rapidamente.<\/p>\t\t\t\t\t\t\t\t<\/div>\n\t\t<div class=\"elementor-element elementor-element-a6cb5a1 e-con-full e-flex e-con e-child\" data-id=\"a6cb5a1\" data-element_type=\"container\" data-e-type=\"container\" data-settings=\"{&quot;background_background&quot;:&quot;classic&quot;}\">\n\t\t\t\t<div class=\"elementor-element elementor-element-5b12665 elementor-button-align-start elementor-widget elementor-widget-form\" data-id=\"5b12665\" data-element_type=\"widget\" data-e-type=\"widget\" data-settings=\"{&quot;step_next_label&quot;:&quot;Next&quot;,&quot;step_previous_label&quot;:&quot;Previous&quot;,&quot;button_width&quot;:&quot;100&quot;,&quot;step_type&quot;:&quot;number_text&quot;,&quot;step_icon_shape&quot;:&quot;circle&quot;}\" data-widget_type=\"form.default\">\n\t\t\t\t\t\t\t<form class=\"elementor-form\" method=\"post\" name=\"Formul\u00e1rio: Contato\" aria-label=\"Formul\u00e1rio: Contato\">\n\t\t\t<input type=\"hidden\" name=\"post_id\" value=\"23\"\/>\n\t\t\t<input type=\"hidden\" name=\"form_id\" value=\"5b12665\"\/>\n\t\t\t<input type=\"hidden\" name=\"referer_title\" value=\"\" \/>\n\n\t\t\t\n\t\t\t<div class=\"elementor-form-fields-wrapper elementor-labels-above\">\n\t\t\t\t\t\t\t\t<div class=\"elementor-field-type-text elementor-field-group elementor-column elementor-field-group-nome elementor-col-50 elementor-field-required\">\n\t\t\t\t\t\t\t\t\t\t\t\t<label for=\"form-field-nome\" class=\"elementor-field-label\">\n\t\t\t\t\t\t\t\tNome *\t\t\t\t\t\t\t<\/label>\n\t\t\t\t\t\t\t\t\t\t\t\t\t\t<input size=\"1\" type=\"text\" name=\"form_fields[nome]\" id=\"form-field-nome\" class=\"elementor-field elementor-size-sm  elementor-field-textual\" placeholder=\"Seu nome completo\" required=\"required\">\n\t\t\t\t\t\t\t\t\t\t\t<\/div>\n\t\t\t\t\t\t\t\t<div class=\"elementor-field-type-email elementor-field-group elementor-column elementor-field-group-email elementor-col-50 elementor-field-required\">\n\t\t\t\t\t\t\t\t\t\t\t\t<label for=\"form-field-email\" class=\"elementor-field-label\">\n\t\t\t\t\t\t\t\tE-mail *\t\t\t\t\t\t\t<\/label>\n\t\t\t\t\t\t\t\t\t\t\t\t\t\t<input size=\"1\" type=\"email\" name=\"form_fields[email]\" id=\"form-field-email\" class=\"elementor-field elementor-size-sm  elementor-field-textual\" placeholder=\"seu@email.com.br\" required=\"required\">\n\t\t\t\t\t\t\t\t\t\t\t<\/div>\n\t\t\t\t\t\t\t\t<div class=\"elementor-field-type-email elementor-field-group elementor-column elementor-field-group-field_9139e3b elementor-col-50 elementor-field-required\">\n\t\t\t\t\t\t\t\t\t\t\t\t<label for=\"form-field-field_9139e3b\" class=\"elementor-field-label\">\n\t\t\t\t\t\t\t\tTelefone *\t\t\t\t\t\t\t<\/label>\n\t\t\t\t\t\t\t\t\t\t\t\t\t\t<input size=\"1\" type=\"email\" name=\"form_fields[field_9139e3b]\" id=\"form-field-field_9139e3b\" class=\"elementor-field elementor-size-sm  elementor-field-textual\" placeholder=\"(00) 0000-0000\" required=\"required\">\n\t\t\t\t\t\t\t\t\t\t\t<\/div>\n\t\t\t\t\t\t\t\t<div class=\"elementor-field-type-email elementor-field-group elementor-column elementor-field-group-field_bb4ad7d elementor-col-50 elementor-field-required\">\n\t\t\t\t\t\t\t\t\t\t\t\t<label for=\"form-field-field_bb4ad7d\" class=\"elementor-field-label\">\n\t\t\t\t\t\t\t\tCelular *\t\t\t\t\t\t\t<\/label>\n\t\t\t\t\t\t\t\t\t\t\t\t\t\t<input size=\"1\" type=\"email\" name=\"form_fields[field_bb4ad7d]\" id=\"form-field-field_bb4ad7d\" class=\"elementor-field elementor-size-sm  elementor-field-textual\" placeholder=\"(00) 0000-0000\" required=\"required\">\n\t\t\t\t\t\t\t\t\t\t\t<\/div>\n\t\t\t\t\t\t\t\t<div class=\"elementor-field-type-text elementor-field-group elementor-column elementor-field-group-cidade elementor-col-50 elementor-field-required\">\n\t\t\t\t\t\t\t\t\t\t\t\t<label for=\"form-field-cidade\" class=\"elementor-field-label\">\n\t\t\t\t\t\t\t\tCidade*\t\t\t\t\t\t\t<\/label>\n\t\t\t\t\t\t\t\t\t\t\t\t\t\t<input size=\"1\" type=\"text\" name=\"form_fields[cidade]\" id=\"form-field-cidade\" class=\"elementor-field elementor-size-sm  elementor-field-textual\" placeholder=\"Sua cidade\" required=\"required\">\n\t\t\t\t\t\t\t\t\t\t\t<\/div>\n\t\t\t\t\t\t\t\t<div class=\"elementor-field-type-select elementor-field-group elementor-column elementor-field-group-uf elementor-col-50 elementor-field-required\">\n\t\t\t\t\t\t\t\t\t\t\t\t<label for=\"form-field-uf\" class=\"elementor-field-label\">\n\t\t\t\t\t\t\t\tEstado *\t\t\t\t\t\t\t<\/label>\n\t\t\t\t\t\t\t\t<div class=\"elementor-field elementor-select-wrapper remove-before \">\n\t\t\t<div class=\"select-caret-down-wrapper\">\n\t\t\t\t<svg aria-hidden=\"true\" class=\"e-font-icon-svg e-eicon-caret-down\" viewBox=\"0 0 571.4 571.4\" xmlns=\"http:\/\/www.w3.org\/2000\/svg\"><path d=\"M571 393Q571 407 561 418L311 668Q300 679 286 679T261 668L11 418Q0 407 0 393T11 368 36 357H536Q550 357 561 368T571 393Z\"><\/path><\/svg>\t\t\t<\/div>\n\t\t\t<select name=\"form_fields[uf]\" id=\"form-field-uf\" class=\"elementor-field-textual elementor-size-sm\" required=\"required\">\n\t\t\t\t\t\t\t\t\t<option value=\"\">Selecione o estado<\/option>\n\t\t\t\t\t\t\t\t\t<option value=\"AC\">Acre<\/option>\n\t\t\t\t\t\t\t\t\t<option value=\"AL\">Alagoas<\/option>\n\t\t\t\t\t\t\t\t\t<option value=\"AP\">Amap\u00e1<\/option>\n\t\t\t\t\t\t\t\t\t<option value=\"AM\">Amazonas<\/option>\n\t\t\t\t\t\t\t\t\t<option value=\"BA\">Bahia<\/option>\n\t\t\t\t\t\t\t\t\t<option value=\"CE\">Cear\u00e1<\/option>\n\t\t\t\t\t\t\t\t\t<option value=\"DF\">Distrito Federal<\/option>\n\t\t\t\t\t\t\t\t\t<option value=\"ES\">Esp\u00edrito Santo<\/option>\n\t\t\t\t\t\t\t\t\t<option value=\"GO\">Goi\u00e1s<\/option>\n\t\t\t\t\t\t\t\t\t<option value=\"MA\">Maranh\u00e3o<\/option>\n\t\t\t\t\t\t\t\t\t<option value=\"MT\">Mato Grosso<\/option>\n\t\t\t\t\t\t\t\t\t<option value=\"MS\">Mato Grosso do Sul<\/option>\n\t\t\t\t\t\t\t\t\t<option value=\"MG\">Minas Gerais<\/option>\n\t\t\t\t\t\t\t\t\t<option value=\"PA\">Par\u00e1<\/option>\n\t\t\t\t\t\t\t\t\t<option value=\"PB\">Para\u00edba<\/option>\n\t\t\t\t\t\t\t\t\t<option value=\"PR\">Paran\u00e1<\/option>\n\t\t\t\t\t\t\t\t\t<option value=\"PE\">Pernambuco<\/option>\n\t\t\t\t\t\t\t\t\t<option value=\"PI\">Piau\u00ed<\/option>\n\t\t\t\t\t\t\t\t\t<option value=\"RJ\">Rio de Janeiro<\/option>\n\t\t\t\t\t\t\t\t\t<option value=\"RN\">Rio Grande do Norte<\/option>\n\t\t\t\t\t\t\t\t\t<option value=\"RS\">Rio Grande do Sul<\/option>\n\t\t\t\t\t\t\t\t\t<option value=\"RO\">Rond\u00f4nia<\/option>\n\t\t\t\t\t\t\t\t\t<option value=\"RR\">Roraima<\/option>\n\t\t\t\t\t\t\t\t\t<option value=\"SC\">Santa Catarina<\/option>\n\t\t\t\t\t\t\t\t\t<option value=\"SP\">S\u00e3o Paulo<\/option>\n\t\t\t\t\t\t\t\t\t<option value=\"SE\">Sergipe<\/option>\n\t\t\t\t\t\t\t\t\t<option value=\"TO\">Tocantins<\/option>\n\t\t\t\t\t\t\t<\/select>\n\t\t<\/div>\n\t\t\t\t\t\t<\/div>\n\t\t\t\t\t\t\t\t<div class=\"elementor-field-type-text elementor-field-group elementor-column elementor-field-group-empresa elementor-col-50 elementor-field-required\">\n\t\t\t\t\t\t\t\t\t\t\t\t<label for=\"form-field-empresa\" class=\"elementor-field-label\">\n\t\t\t\t\t\t\t\tEmpresa *\t\t\t\t\t\t\t<\/label>\n\t\t\t\t\t\t\t\t\t\t\t\t\t\t<input size=\"1\" type=\"text\" name=\"form_fields[empresa]\" id=\"form-field-empresa\" class=\"elementor-field elementor-size-sm  elementor-field-textual\" placeholder=\"Nome da empresa\" required=\"required\">\n\t\t\t\t\t\t\t\t\t\t\t<\/div>\n\t\t\t\t\t\t\t\t<div class=\"elementor-field-type-text elementor-field-group elementor-column elementor-field-group-field_7ab1e7b elementor-col-50 elementor-field-required\">\n\t\t\t\t\t\t\t\t\t\t\t\t<label for=\"form-field-field_7ab1e7b\" class=\"elementor-field-label\">\n\t\t\t\t\t\t\t\tCargo *\t\t\t\t\t\t\t<\/label>\n\t\t\t\t\t\t\t\t\t\t\t\t\t\t<input size=\"1\" type=\"text\" name=\"form_fields[field_7ab1e7b]\" id=\"form-field-field_7ab1e7b\" class=\"elementor-field elementor-size-sm  elementor-field-textual\" placeholder=\"Seu cargo\" required=\"required\">\n\t\t\t\t\t\t\t\t\t\t\t<\/div>\n\t\t\t\t\t\t\t\t<div class=\"elementor-field-type-select elementor-field-group elementor-column elementor-field-group-field_5d19384 elementor-col-50 elementor-field-required\">\n\t\t\t\t\t\t\t\t\t\t\t\t<label for=\"form-field-field_5d19384\" class=\"elementor-field-label\">\n\t\t\t\t\t\t\t\tComo conheceu a Gmar Ambiental?\t\t\t\t\t\t\t<\/label>\n\t\t\t\t\t\t\t\t<div class=\"elementor-field elementor-select-wrapper remove-before \">\n\t\t\t<div class=\"select-caret-down-wrapper\">\n\t\t\t\t<svg aria-hidden=\"true\" class=\"e-font-icon-svg e-eicon-caret-down\" viewBox=\"0 0 571.4 571.4\" xmlns=\"http:\/\/www.w3.org\/2000\/svg\"><path d=\"M571 393Q571 407 561 418L311 668Q300 679 286 679T261 668L11 418Q0 407 0 393T11 368 36 357H536Q550 357 561 368T571 393Z\"><\/path><\/svg>\t\t\t<\/div>\n\t\t\t<select name=\"form_fields[field_5d19384]\" id=\"form-field-field_5d19384\" class=\"elementor-field-textual elementor-size-sm\" required=\"required\">\n\t\t\t\t\t\t\t\t\t<option value=\"\">Selecione uma op\u00e7\u00e3o<\/option>\n\t\t\t\t\t\t\t\t\t<option value=\" 1\">Op\u00e7\u00e3o 1 <\/option>\n\t\t\t\t\t\t\t\t\t<option value=\" 2\">Op\u00e7\u00e3o 2 <\/option>\n\t\t\t\t\t\t\t<\/select>\n\t\t<\/div>\n\t\t\t\t\t\t<\/div>\n\t\t\t\t\t\t\t\t<div class=\"elementor-field-type-textarea elementor-field-group elementor-column elementor-field-group-mensagem elementor-col-100\">\n\t\t\t\t\t\t\t\t\t\t\t\t<label for=\"form-field-mensagem\" class=\"elementor-field-label\">\n\t\t\t\t\t\t\t\tMensagem\t\t\t\t\t\t\t<\/label>\n\t\t\t\t\t\t<textarea class=\"elementor-field-textual elementor-field  elementor-size-sm\" name=\"form_fields[mensagem]\" id=\"form-field-mensagem\" rows=\"4\" placeholder=\"Descreva sua necessidade ou d\u00favida...\"><\/textarea>\t\t\t\t<\/div>\n\t\t\t\t\t\t\t\t<div class=\"elementor-field-type-acceptance elementor-field-group elementor-column elementor-field-group-field_725fde8 elementor-col-100 elementor-field-required\">\n\t\t\t\t\t\t\t<div class=\"elementor-field-subgroup\">\n\t\t\t<span class=\"elementor-field-option\">\n\t\t\t\t<input type=\"checkbox\" name=\"form_fields[field_725fde8]\" id=\"form-field-field_725fde8\" class=\"elementor-field elementor-size-sm  elementor-acceptance-field\" required=\"required\">\n\t\t\t\t<label for=\"form-field-field_725fde8\">Autorizo a Gmar Ambiental a coletar e processar meus dados pessoais para fins de contato comercial, de acordo com a Lei Geral de Protecao de Dados (LGPD). Seus dados serao tratados com seguran\u00e7a e confidencialidade.<\/label>\t\t\t<\/span>\n\t\t<\/div>\n\t\t\t\t\t\t<\/div>\n\t\t\t\t\t\t\t\t<div class=\"elementor-field-group elementor-column elementor-field-type-submit elementor-col-100 e-form__buttons\">\n\t\t\t\t\t<button class=\"elementor-button elementor-size-sm\" type=\"submit\">\n\t\t\t\t\t\t<span class=\"elementor-button-content-wrapper\">\n\t\t\t\t\t\t\t\t\t\t\t\t\t\t\t<span class=\"elementor-button-icon\">\n\t\t\t\t\t\t\t\t\t<svg xmlns=\"http:\/\/www.w3.org\/2000\/svg\" width=\"20\" height=\"20\" viewBox=\"0 0 20 20\" fill=\"none\"><path d=\"M13.5563 5.58404C13.626 5.51444 13.7087 5.45925 13.7997 5.42162C13.8908 5.38399 13.9883 5.36466 14.0868 5.36472C14.1853 5.36479 14.2828 5.38425 14.3738 5.42201C14.4647 5.45976 14.5474 5.51506 14.617 5.58475C14.6866 5.65444 14.7418 5.73715 14.7794 5.82817C14.817 5.91919 14.8364 6.01673 14.8363 6.11522C14.8362 6.21372 14.8168 6.31123 14.779 6.4022C14.7413 6.49317 14.686 6.57581 14.6163 6.64541L13.5563 5.58404ZM13.2869 6.9134L12.7566 6.38307L12.7569 6.38272L13.2869 6.9134ZM10.2686 10.9923C10.128 11.133 9.9372 11.212 9.73829 11.212C9.53938 11.212 9.34861 11.133 9.20796 10.9923C9.06731 10.8517 8.98829 10.6609 8.98829 10.462C8.98829 10.2631 9.06731 10.0723 9.20796 9.93169L10.2686 10.9923ZM9.20142 9.93823C9.34207 9.79758 9.53284 9.71856 9.73175 9.71856C9.93066 9.71856 10.1214 9.79758 10.2621 9.93823C10.4027 10.0789 10.4818 10.2696 10.4818 10.4686C10.4818 10.6675 10.4027 10.8582 10.2621 10.9989L9.20142 9.93823ZM6.43186 14.8291C6.29121 14.9698 6.10044 15.0488 5.90153 15.0488C5.70262 15.0488 5.51185 14.9698 5.3712 14.8291C5.23055 14.6885 5.15153 14.4977 5.15153 14.2988C5.15153 14.0999 5.23055 13.9091 5.3712 13.7684L6.43186 14.8291ZM14.6163 6.64541L14.603 6.65867L13.5429 5.59748L13.5563 5.58404L14.6163 6.64541ZM14.603 6.65867L14.4457 6.816L13.3859 5.75445L13.5429 5.59748L14.603 6.65867ZM14.4457 6.816L14.2887 6.97298L13.2287 5.91161L13.3859 5.75445L14.4457 6.816ZM14.2887 6.97298L14.1312 7.13013L13.0714 6.06859L13.2287 5.91161L14.2887 6.97298ZM14.1312 7.13013L13.974 7.28693L12.9141 6.22556L13.0714 6.06859L14.1312 7.13013ZM13.974 7.28693L13.8169 7.44409L12.7569 6.38272L12.9141 6.22556L13.974 7.28693ZM13.8172 7.44373L10.2686 10.9923L9.20796 9.93169L12.7566 6.38307L13.8172 7.44373ZM10.2621 10.9989L6.43186 14.8291L5.3712 13.7684L9.20142 9.93823L10.2621 10.9989Z\" fill=\"#071014\"><\/path><path d=\"M5.90757 5.50552L13.3946 5.5057C13.567 5.50569 13.7376 5.53963 13.8969 5.60559C14.0562 5.67155 14.2009 5.76823 14.3227 5.89012C14.4446 6.012 14.5413 6.1567 14.6073 6.31595C14.6732 6.47521 14.7072 6.64589 14.7072 6.81826L14.707 14.3053\" stroke=\"#071014\" stroke-width=\"1.5\" stroke-linecap=\"round\" stroke-linejoin=\"round\"><\/path><\/svg>\t\t\t\t\t\t\t\t\t\t\t\t\t\t\t\t\t<\/span>\n\t\t\t\t\t\t\t\t\t\t\t\t\t\t\t\t\t\t\t\t\t\t<span class=\"elementor-button-text\">Enviar mensagem<\/span>\n\t\t\t\t\t\t\t\t\t\t\t\t\t<\/span>\n\t\t\t\t\t<\/button>\n\t\t\t\t<\/div>\n\t\t\t<\/div>\n\t\t<\/form>\n\t\t\t\t\t\t<\/div>\n\t\t\t\t<\/div>\n\t\t\t\t\t<\/div>\n\t\t\t\t<\/div>\n\t\t\t\t<\/div>\n\t\t\t\t<\/div>\n\t\t","protected":false},"excerpt":{"rendered":"<p>Contato Fale com nossa equipe especializada Estamos prontos para ajudar voc\u00ea a encontrar a solu\u00e7\u00e3o ideal para o tratamento de \u00e1gua, efluentes ou reuso no seu empreendimento. Atendimento em todo o Brasil A Gmar Ambiental atende condom\u00ednios, empresas, ind\u00fastrias e opera\u00e7\u00f5es de todos os portes. Nossa equipe t\u00e9cnica fornece orienta\u00e7\u00e3o especializada, an\u00e1lise de necessidades, or\u00e7amento [&hellip;]<\/p>\n","protected":false},"author":1,"featured_media":0,"parent":0,"menu_order":0,"comment_status":"closed","ping_status":"closed","template":"elementor_header_footer","meta":{"footnotes":""},"class_list":["post-23","page","type-page","status-publish","hentry"],"aioseo_notices":[],"_links":{"self":[{"href":"https:\/\/lab.embracom.com.br\/gmar\/wp-json\/wp\/v2\/pages\/23","targetHints":{"allow":["GET"]}}],"collection":[{"href":"https:\/\/lab.embracom.com.br\/gmar\/wp-json\/wp\/v2\/pages"}],"about":[{"href":"https:\/\/lab.embracom.com.br\/gmar\/wp-json\/wp\/v2\/types\/page"}],"author":[{"embeddable":true,"href":"https:\/\/lab.embracom.com.br\/gmar\/wp-json\/wp\/v2\/users\/1"}],"replies":[{"embeddable":true,"href":"https:\/\/lab.embracom.com.br\/gmar\/wp-json\/wp\/v2\/comments?post=23"}],"version-history":[{"count":19,"href":"https:\/\/lab.embracom.com.br\/gmar\/wp-json\/wp\/v2\/pages\/23\/revisions"}],"predecessor-version":[{"id":519,"href":"https:\/\/lab.embracom.com.br\/gmar\/wp-json\/wp\/v2\/pages\/23\/revisions\/519"}],"wp:attachment":[{"href":"https:\/\/lab.embracom.com.br\/gmar\/wp-json\/wp\/v2\/media?parent=23"}],"curies":[{"name":"wp","href":"https:\/\/api.w.org\/{rel}","templated":true}]}}